{"id":66,"date":"2024-10-06T21:46:08","date_gmt":"2024-10-06T19:46:08","guid":{"rendered":"https:\/\/aubert-magnetisme.com\/?page_id=66"},"modified":"2025-11-01T11:45:05","modified_gmt":"2025-11-01T10:45:05","slug":"seance","status":"publish","type":"page","link":"https:\/\/aubert-magnetisme.com\/index.php\/seance\/","title":{"rendered":"SEANCE"},"content":{"rendered":"\n<div class=\"wp-block-cover alignfull is-light\" style=\"margin-top:0;margin-bottom:0;padding-top:0px;padding-bottom:80px;min-height:300px;aspect-ratio:unset;\"><span aria-hidden=\"true\" class=\"wp-block-cover__background has-background-dim-0 has-background-dim\" style=\"background-color:#e9ceb0\"><\/span><img decoding=\"async\" class=\"wp-block-cover__image-background wp-image-4206\" alt=\"\" src=\"https:\/\/tyler.com\/wp-content\/uploads\/2023\/12\/surf-banner1.jpg\" style=\"object-position:100% 50%\" data-object-fit=\"cover\" data-object-position=\"100% 50%\"\/><div class=\"wp-block-cover__inner-container has-global-padding is-layout-constrained wp-container-core-cover-is-layout-d4c6b484 wp-block-cover-is-layout-constrained\">\n<div style=\"height:150px\" aria-hidden=\"true\" class=\"wp-block-spacer\"><\/div>\n\n\n\n<h1 class=\"wp-block-heading has-text-align-center has-text-color has-link-color has-suranna-font-family wp-elements-ef42588ed09a3caa0f28403486f33912\" style=\"color:#ffffff;font-size:clamp(38.682px, 2.418rem + ((1vw - 3.2px) * 3.786), 72px);font-style:normal;font-weight:500\">S\u00e9ance<\/h1>\n<\/div><\/div>\n\n\n\n<div class=\"wp-block-group alignfull has-global-padding is-layout-constrained wp-container-core-group-is-layout-4383d167 wp-block-group-is-layout-constrained\">\n<div class=\"wp-block-group alignwide has-global-padding is-layout-constrained wp-container-core-group-is-layout-5ff8a92b wp-block-group-is-layout-constrained\" style=\"margin-top:0;margin-bottom:0;padding-top:100px;padding-bottom:100px\">\n<div class=\"wp-block-columns is-layout-flex wp-container-core-columns-is-layout-92515837 wp-block-columns-is-layout-flex\">\n<div class=\"wp-block-column is-layout-flow wp-block-column-is-layout-flow\">\n<figure class=\"wp-block-image alignleft size-full is-resized\"><img loading=\"lazy\" decoding=\"async\" width=\"600\" height=\"449\" src=\"https:\/\/aubert-magnetisme.com\/wp-content\/uploads\/2024\/10\/Mains_magnetisent-2.jpg\" alt=\"\" class=\"wp-image-135\" style=\"width:596px;height:auto\" srcset=\"https:\/\/aubert-magnetisme.com\/wp-content\/uploads\/2024\/10\/Mains_magnetisent-2.jpg 600w, https:\/\/aubert-magnetisme.com\/wp-content\/uploads\/2024\/10\/Mains_magnetisent-2-300x225.jpg 300w\" sizes=\"auto, (max-width: 600px) 100vw, 600px\" \/><\/figure>\n\n\n\n<p class=\"wp-block-paragraph\"><\/p>\n<\/div>\n\n\n\n<div class=\"wp-block-column is-vertically-aligned-center has-global-padding is-content-justification-left is-layout-constrained wp-container-core-column-is-layout-12dd3699 wp-block-column-is-layout-constrained\">\n<h3 class=\"wp-block-heading has-text-align-left has-text-color has-suranna-font-family\" style=\"color:#000000;margin-top:0.5rem;margin-bottom:0rem;font-size:clamp(24.034px, 1.502rem + ((1vw - 3.2px) * 1.814), 40px);font-style:normal;font-weight:500;letter-spacing:0px;line-height:1.3\">D\u00e9roulement d\u2019une s\u00e9ance<\/h3>\n\n\n\n<hr class=\"wp-block-separator has-alpha-channel-opacity\"\/>\n\n\n\n<p class=\"justifier has-text-color has-link-color has-pontano-sans-font-family wp-elements-c60ad26ea891b5abd87f5111f173e467 wp-block-paragraph\" style=\"color:#000000;font-size:clamp(14px, 0.875rem + ((1vw - 3.2px) * 0.455), 18px);\">Je propose deux types de s\u00e9ances. La premi\u00e8re est en pr\u00e9sentiel au cabinet alors que la seconde se d\u00e9roule en distanciel (par t\u00e9l\u00e9phone).<\/p>\n\n\n\n<p class=\"justifier wp-block-paragraph\">Quel que soit le type de s\u00e9ance, le d\u00e9roulement est identique :<\/p>\n\n\n\n<p class=\"justifier wp-block-paragraph\">1) Un temps d\u2019\u00e9change afin de recueillir les dol\u00e9ances<\/p>\n\n\n\n<p class=\"justifier wp-block-paragraph\">2) Eliminer les mauvaises \u00e9nergies, travailler sur les m\u00e9moires traumatiques, nettoyer le corps des toxines et des m\u00e9taux lourds, effectuer des d\u00e9gagements d\u2019entit\u00e9s, effectuer des passages d\u2019\u00e2mes si besoin et r\u00e9harmoniser les chakras<\/p>\n\n\n\n<p class=\"justifier wp-block-paragraph\">3) Magn\u00e9tisme et passes magn\u00e9tiques<\/p>\n\n\n\n<p class=\"justifier has-text-color has-link-color has-pontano-sans-font-family wp-elements-e8b1bcea2e50f4f0ab944a06acf7b9a3 wp-block-paragraph\" style=\"color:#000000;font-size:clamp(14px, 0.875rem + ((1vw - 3.2px) * 0.455), 18px);\">4) Compte-rendu<\/p>\n<\/div>\n<\/div>\n<\/div>\n<\/div>\n\n\n\n<div class=\"wp-block-group alignfull has-global-padding is-layout-constrained wp-container-core-group-is-layout-4383d167 wp-block-group-is-layout-constrained\">\n<div class=\"wp-block-group alignwide has-global-padding is-layout-constrained wp-container-core-group-is-layout-1be1424c wp-block-group-is-layout-constrained\" style=\"margin-top:0;margin-bottom:0;padding-bottom:100px\">\n<div class=\"wp-block-columns is-layout-flex wp-container-core-columns-is-layout-92515837 wp-block-columns-is-layout-flex\">\n<div class=\"wp-block-column is-vertically-aligned-center has-global-padding is-content-justification-left is-layout-constrained wp-container-core-column-is-layout-12dd3699 wp-block-column-is-layout-constrained\">\n<h3 class=\"wp-block-heading has-text-align-left has-text-color has-suranna-font-family\" style=\"color:#000000;margin-top:0.5rem;margin-bottom:0rem;font-size:clamp(24.034px, 1.502rem + ((1vw - 3.2px) * 1.814), 40px);font-style:normal;font-weight:500;letter-spacing:0px;line-height:1.3\">Sp\u00e9cificit\u00e9 d\u2019une s\u00e9ance en distanciel<\/h3>\n\n\n\n<p class=\"justifier wp-block-paragraph\">Si vous choisissez une s\u00e9ance en distanciel, je vous contacte en d\u00e9but de s\u00e9ance afin d\u2019\u00e9changer puis je vous t\u00e9l\u00e9phone \u00e0 nouveau en fin de s\u00e9ance pour le compte-rendu.<\/p>\n\n\n\n<p class=\"justifier wp-block-paragraph\">Pendant que je travaille entre les deux contacts t\u00e9l\u00e9phoniques, vous pouvez vaquer \u00e0 vos occupations m\u00eame si je recommande vivement de faire une activit\u00e9 calme pendant ce laps de temps.<\/p>\n\n\n\n<p class=\"justifier wp-block-paragraph\">Il faudra me faire parvenir obligatoirement par mail ou MMS une photo de vous seul de plein pied avec votre nom, pr\u00e9nom et date de naissance et potentiellement une photo de la zone endolorie afin d\u2019avoir un support t\u00e9moin de connexion.<\/p>\n<\/div>\n\n\n\n<div class=\"wp-block-column is-layout-flow wp-block-column-is-layout-flow\">\n<figure class=\"wp-block-image alignright size-full is-resized\"><img loading=\"lazy\" decoding=\"async\" width=\"612\" height=\"408\" src=\"https:\/\/aubert-magnetisme.com\/wp-content\/uploads\/2024\/10\/istockphoto-1440503559-612x612-1.jpg\" alt=\"\" class=\"wp-image-141\" style=\"aspect-ratio:0.6666666666666666;object-fit:cover;width:497px;height:auto\" srcset=\"https:\/\/aubert-magnetisme.com\/wp-content\/uploads\/2024\/10\/istockphoto-1440503559-612x612-1.jpg 612w, https:\/\/aubert-magnetisme.com\/wp-content\/uploads\/2024\/10\/istockphoto-1440503559-612x612-1-300x200.jpg 300w\" sizes=\"auto, (max-width: 612px) 100vw, 612px\" \/><\/figure>\n<\/div>\n<\/div>\n<\/div>\n<\/div>\n\n\n\n<div class=\"wp-block-group alignfull has-global-padding is-layout-constrained wp-container-core-group-is-layout-4383d167 wp-block-group-is-layout-constrained\">\n<div class=\"wp-block-group alignwide has-global-padding is-layout-constrained wp-container-core-group-is-layout-1be1424c wp-block-group-is-layout-constrained\" style=\"margin-top:0;margin-bottom:0;padding-bottom:100px\">\n<div class=\"wp-block-columns is-layout-flex wp-container-core-columns-is-layout-92515837 wp-block-columns-is-layout-flex\">\n<div class=\"wp-block-column is-layout-flow wp-block-column-is-layout-flow\">\n<figure class=\"wp-block-image alignleft size-full is-resized\"><img loading=\"lazy\" decoding=\"async\" width=\"500\" height=\"888\" src=\"https:\/\/aubert-magnetisme.com\/wp-content\/uploads\/2024\/10\/photo-1695493648861-59df533ccadc.avif\" alt=\"\" class=\"wp-image-148\" style=\"width:567px;height:auto\"\/><\/figure>\n<\/div>\n\n\n\n<div class=\"wp-block-column is-vertically-aligned-center has-global-padding is-content-justification-left is-layout-constrained wp-container-core-column-is-layout-12dd3699 wp-block-column-is-layout-constrained\">\n<h3 class=\"wp-block-heading has-text-align-left has-text-color has-suranna-font-family\" style=\"color:#000000;margin-top:0.5rem;margin-bottom:0rem;font-size:clamp(24.034px, 1.502rem + ((1vw - 3.2px) * 1.814), 40px);font-style:normal;font-weight:500;letter-spacing:0px;line-height:1.3\">Dur\u00e9e d&rsquo;une s\u00e9ance<\/h3>\n\n\n\n<hr class=\"wp-block-separator has-alpha-channel-opacity\"\/>\n\n\n\n<p class=\"justifier has-text-color has-link-color has-pontano-sans-font-family wp-elements-7f75d8f580f766f538fda2ca02d03064 wp-block-paragraph\" style=\"color:#000000;font-size:clamp(14px, 0.875rem + ((1vw - 3.2px) * 0.455), 18px);\">Une s\u00e9ance dure environ une heure que ce soit au cabinet ou en distanciel.<\/p>\n\n\n\n<p class=\"wp-block-paragraph\"><\/p>\n\n\n\n<h3 class=\"wp-block-heading has-text-align-left has-text-color has-suranna-font-family\" style=\"color:#000000;margin-top:0.5rem;margin-bottom:0rem;font-size:clamp(24.034px, 1.502rem + ((1vw - 3.2px) * 1.814), 40px);font-style:normal;font-weight:500;letter-spacing:0px;line-height:1.3\">Sur qui magn\u00e9tiser ?<\/h3>\n\n\n\n<hr class=\"wp-block-separator has-alpha-channel-opacity\"\/>\n\n\n\n<p class=\"justifier has-text-color has-link-color has-pontano-sans-font-family wp-elements-c2fa8ed528760f1fc31a16fd73160dda wp-block-paragraph\" style=\"color:#000000;font-size:clamp(14px, 0.875rem + ((1vw - 3.2px) * 0.455), 18px);\">Le magn\u00e9tisme peut se pratiquer sur tout \u00eatre vivant. A ce titre, j\u2019interviens sur les enfants, les adultes et sur les animaux.<\/p>\n\n\n\n<p class=\"wp-block-paragraph\"><\/p>\n\n\n\n<h3 class=\"wp-block-heading has-text-align-left has-text-color has-suranna-font-family\" style=\"color:#000000;margin-top:0.5rem;margin-bottom:0rem;font-size:clamp(24.034px, 1.502rem + ((1vw - 3.2px) * 1.814), 40px);font-style:normal;font-weight:500;letter-spacing:0px;line-height:1.3\">A partir de quel \u00e2ge peut-on \u00eatre magn\u00e9tis\u00e9 ?<\/h3>\n\n\n\n<hr class=\"wp-block-separator has-alpha-channel-opacity\"\/>\n\n\n\n<p class=\"justifier has-text-color has-link-color has-pontano-sans-font-family wp-elements-54db35cc301b16c381947ec43e8193ad wp-block-paragraph\" style=\"color:#000000;font-size:clamp(14px, 0.875rem + ((1vw - 3.2px) * 0.455), 18px);\">Il n\u2019y a pas d\u2019\u00e2ge requis ; cependant je ne travaille qu\u2019\u00e0 distance sur les enfants de moins de 10 ans et sur les animaux.<\/p>\n\n\n\n<p class=\"justifier has-text-color has-link-color has-pontano-sans-font-family wp-elements-3b246a8227609af1af90292f5e99eb6a wp-block-paragraph\" style=\"color:#000000;font-size:clamp(14px, 0.875rem + ((1vw - 3.2px) * 0.455), 18px);\">Un enfant mineur doit \u00eatre obligatoirement accompagn\u00e9 d\u2019un repr\u00e9sentant l\u00e9gal lors d\u2019une s\u00e9ance au cabinet.<\/p>\n<\/div>\n<\/div>\n<\/div>\n<\/div>\n\n\n\n<div class=\"wp-block-group alignfull has-global-padding is-layout-constrained wp-container-core-group-is-layout-4383d167 wp-block-group-is-layout-constrained\">\n<div class=\"wp-block-group alignwide has-global-padding is-layout-constrained wp-container-core-group-is-layout-5ff8a92b wp-block-group-is-layout-constrained\" style=\"margin-top:0;margin-bottom:0;padding-top:100px;padding-bottom:100px\">\n<div class=\"wp-block-columns is-layout-flex wp-container-core-columns-is-layout-92515837 wp-block-columns-is-layout-flex\">\n<div class=\"wp-block-column is-layout-flow wp-block-column-is-layout-flow\">\n<figure class=\"wp-block-image alignleft size-full\"><img loading=\"lazy\" decoding=\"async\" width=\"500\" height=\"750\" src=\"https:\/\/aubert-magnetisme.com\/wp-content\/uploads\/2024\/10\/photo-1620733719521-fa0625956f5c.avif\" alt=\"\" class=\"wp-image-139\"\/><figcaption class=\"wp-element-caption\"> <\/figcaption><\/figure>\n<\/div>\n\n\n\n<div class=\"wp-block-column is-vertically-aligned-center has-global-padding is-content-justification-left is-layout-constrained wp-container-core-column-is-layout-12dd3699 wp-block-column-is-layout-constrained\">\n<h3 class=\"wp-block-heading has-text-align-left has-text-color has-suranna-font-family\" style=\"color:#000000;margin-top:0.5rem;margin-bottom:0rem;font-size:clamp(24.034px, 1.502rem + ((1vw - 3.2px) * 1.814), 40px);font-style:normal;font-weight:500;letter-spacing:0px;line-height:1.3\">Tarif<\/h3>\n\n\n\n<hr class=\"wp-block-separator has-alpha-channel-opacity\"\/>\n\n\n\n<p class=\"justifier has-text-color has-link-color has-pontano-sans-font-family wp-elements-5eb263675ce4f3c0c44ecbfeb55ae309 wp-block-paragraph\" style=\"color:#000000;font-size:clamp(14px, 0.875rem + ((1vw - 3.2px) * 0.455), 18px);\">Une s\u00e9ance est factur\u00e9e 60 \u20ac quel que soit le type de s\u00e9ance. Le temps de travail est \u00e9quivalent pour les animaux.<\/p>\n\n\n\n<p class=\"justifier has-text-color has-link-color has-pontano-sans-font-family wp-elements-1f81910498210198b22cbf40f439da9a wp-block-paragraph\" style=\"color:#000000;font-size:clamp(14px, 0.875rem + ((1vw - 3.2px) * 0.455), 18px);\">Une s\u00e9ance \u00e0 distance est payable d\u2019avance lors de la prise de rendez-vous sur internet.<\/p>\n\n\n\n<p class=\"wp-block-paragraph\"><\/p>\n\n\n\n<h3 class=\"wp-block-heading has-text-align-left has-text-color has-suranna-font-family\" style=\"color:#000000;margin-top:0.5rem;margin-bottom:0rem;font-size:clamp(24.034px, 1.502rem + ((1vw - 3.2px) * 1.814), 40px);font-style:normal;font-weight:500;letter-spacing:0px;line-height:1.3\">Magn\u00e9tisme et m\u00e9decine conventionnelle :<\/h3>\n\n\n\n<hr class=\"wp-block-separator has-alpha-channel-opacity\"\/>\n\n\n\n<p class=\"justifier has-text-color has-link-color has-pontano-sans-font-family wp-elements-aad5eb97056b0ee53380d367de629d61 wp-block-paragraph\" style=\"color:#000000;font-size:clamp(14px, 0.875rem + ((1vw - 3.2px) * 0.455), 18px);\">Le magn\u00e9tisme est une pratique alternative compl\u00e9mentaire \u00e0 la m\u00e9decine conventionnelle et ne se substitue en aucun cas \u00e0 un avis m\u00e9dical.<\/p>\n\n\n\n<p class=\"justifier wp-block-paragraph\">Un magn\u00e9tiseur n\u2019\u00e9tablit pas de diagnostic m\u00e9dical et ne prescrit pas de m\u00e9dicaments. Seul un m\u00e9decin est habilit\u00e9 \u00e0 modifier ou supprimer votre traitement.<\/p>\n\n\n\n<p class=\"justifier has-text-color has-link-color has-pontano-sans-font-family wp-elements-da9e673bc3afb8f847d51b6b1cb09996 wp-block-paragraph\" style=\"color:#000000;font-size:clamp(14px, 0.875rem + ((1vw - 3.2px) * 0.455), 18px);\">Un magn\u00e9tiseur n\u2019assure pas la gu\u00e9rison.<\/p>\n\n\n\n<p class=\"justifier wp-block-paragraph\">Aubert Magn\u00e9tisme n&rsquo;est pas un service m\u00e9dical d&rsquo;urgence. Dans ce cas, appeler le SAMU 15 ou le 112 (num\u00e9ro europ\u00e9en).<\/p>\n<\/div>\n<\/div>\n\n\n\n<p class=\"wp-block-paragraph\"><\/p>\n<\/div>\n<\/div>\n\n\n\n<section class=\"wp-block-cover alignfull\" style=\"margin-top:0px;padding-top:1.01rem;padding-bottom:1.01rem;min-height:430px;aspect-ratio:unset;\"><span aria-hidden=\"true\" class=\"wp-block-cover__background has-background-dim-0 has-background-dim\" style=\"background-color:#edf1f2\"><\/span><img decoding=\"async\" class=\"wp-block-cover__image-background wp-image-2516\" alt=\"\" src=\"https:\/\/tyler.com\/wp-content\/uploads\/2023\/11\/Surf-About-4th-Cover-Image.jpeg\" style=\"object-position:50% 51%\" data-object-fit=\"cover\" data-object-position=\"50% 51%\"\/><div class=\"wp-block-cover__inner-container has-global-padding is-layout-constrained wp-container-core-cover-is-layout-b1bebcb3 wp-block-cover-is-layout-constrained\">\n<div class=\"wp-block-group has-text-color is-layout-flow wp-block-group-is-layout-flow\" style=\"color:#fffffd;margin-top:0px;padding-top:0rem;padding-right:1rem;padding-bottom:0rem;padding-left:1rem;font-size:clamp(0.875rem, 0.875rem + ((1vw - 0.2rem) * 0.464), 1.13rem);font-style:normal;font-weight:400;line-height:1.4\">\n<div class=\"wp-block-group has-global-padding is-layout-constrained wp-container-core-group-is-layout-bdbfdc43 wp-block-group-is-layout-constrained\">\n<p class=\"has-text-align-center justifier has-text-color wp-block-paragraph\" style=\"color:#fffffd;margin-bottom:0rem;font-size:clamp(1.507rem, 1.507rem + ((1vw - 0.2rem) * 1.824), 2.51rem);font-style:normal;font-weight:400;line-height:1.2\">Toute personne, quelle qu&rsquo;elle soit et o\u00f9 qu&rsquo;elle vive, m\u00e9rite d&rsquo;avoir acc\u00e8s \u00e0 des soins de bien \u00eatre de qualit\u00e9.<\/p>\n<\/div>\n\n\n\n<div class=\"wp-block-group is-vertical is-content-justification-stretch is-layout-flex wp-container-core-group-is-layout-bfdebe91 wp-block-group-is-layout-flex\" style=\"margin-top:1.81rem;padding-right:0px;padding-left:0px\">\n<div class=\"wp-block-group has-global-padding is-content-justification-center is-layout-constrained wp-container-core-group-is-layout-2f0bcb29 wp-block-group-is-layout-constrained\" style=\"margin-top:0px\">\n<div class=\"wp-block-buttons is-horizontal is-content-justification-right is-layout-flex wp-container-core-buttons-is-layout-099266fd wp-block-buttons-is-layout-flex\" style=\"margin-top:0.51rem\"><\/div>\n<\/div>\n<\/div>\n<\/div>\n<\/div><\/section>\n","protected":false},"excerpt":{"rendered":"<p>D\u00e9roulement d\u2019une s\u00e9ance Je propose deux types de s\u00e9ances. La premi\u00e8re est en pr\u00e9sentiel au cabinet alors que la seconde se d\u00e9roule en distanciel (par t\u00e9l\u00e9phone). Quel que soit le type de s\u00e9ance, le d\u00e9roulement est identique : 1) Un temps d\u2019\u00e9change afin de recueillir les dol\u00e9ances 2) Eliminer les mauvaises \u00e9nergies, travailler sur les [&hellip;]<\/p>\n","protected":false},"author":1,"featured_media":0,"parent":0,"menu_order":0,"comment_status":"closed","ping_status":"closed","template":"","meta":{"_crdt_document":"","footnotes":""},"class_list":["post-66","page","type-page","status-publish","hentry"],"_links":{"self":[{"href":"https:\/\/aubert-magnetisme.com\/index.php\/wp-json\/wp\/v2\/pages\/66","targetHints":{"allow":["GET"]}}],"collection":[{"href":"https:\/\/aubert-magnetisme.com\/index.php\/wp-json\/wp\/v2\/pages"}],"about":[{"href":"https:\/\/aubert-magnetisme.com\/index.php\/wp-json\/wp\/v2\/types\/page"}],"author":[{"embeddable":true,"href":"https:\/\/aubert-magnetisme.com\/index.php\/wp-json\/wp\/v2\/users\/1"}],"replies":[{"embeddable":true,"href":"https:\/\/aubert-magnetisme.com\/index.php\/wp-json\/wp\/v2\/comments?post=66"}],"version-history":[{"count":32,"href":"https:\/\/aubert-magnetisme.com\/index.php\/wp-json\/wp\/v2\/pages\/66\/revisions"}],"predecessor-version":[{"id":384,"href":"https:\/\/aubert-magnetisme.com\/index.php\/wp-json\/wp\/v2\/pages\/66\/revisions\/384"}],"wp:attachment":[{"href":"https:\/\/aubert-magnetisme.com\/index.php\/wp-json\/wp\/v2\/media?parent=66"}],"curies":[{"name":"wp","href":"https:\/\/api.w.org\/{rel}","templated":true}]}}