{"id":64,"date":"2024-10-06T21:39:31","date_gmt":"2024-10-06T19:39:31","guid":{"rendered":"https:\/\/aubert-magnetisme.com\/?page_id=64"},"modified":"2025-11-01T11:59:34","modified_gmt":"2025-11-01T10:59:34","slug":"a-propos","status":"publish","type":"page","link":"https:\/\/aubert-magnetisme.com\/index.php\/a-propos\/","title":{"rendered":"A PROPOS"},"content":{"rendered":"\n<div class=\"wp-block-cover alignfull is-light\" style=\"margin-top:0;margin-bottom:0;padding-top:0px;padding-bottom:80px;min-height:300px;aspect-ratio:unset;\"><span aria-hidden=\"true\" class=\"wp-block-cover__background has-background-dim-0 has-background-dim\" style=\"background-color:#e9ceb0\"><\/span><img decoding=\"async\" class=\"wp-block-cover__image-background wp-image-4206\" alt=\"\" src=\"https:\/\/tyler.com\/wp-content\/uploads\/2023\/12\/surf-banner1.jpg\" style=\"object-position:100% 50%\" data-object-fit=\"cover\" data-object-position=\"100% 50%\"\/><div class=\"wp-block-cover__inner-container has-global-padding is-layout-constrained wp-container-core-cover-is-layout-d4c6b484 wp-block-cover-is-layout-constrained\">\n<div style=\"height:150px\" aria-hidden=\"true\" class=\"wp-block-spacer\"><\/div>\n\n\n\n<h1 class=\"wp-block-heading has-text-align-center has-text-color has-link-color has-suranna-font-family wp-elements-6e4199e17782985509aa1c5b57cfb672\" style=\"color:#ffffff;font-size:clamp(38.682px, 2.418rem + ((1vw - 3.2px) * 3.786), 72px);font-style:normal;font-weight:500\">A propos<\/h1>\n<\/div><\/div>\n\n\n\n<section class=\"wp-block-group alignfull has-global-padding is-layout-constrained wp-container-core-group-is-layout-608bbd49 wp-block-group-is-layout-constrained\" style=\"margin-top:0px;padding-top:6rem;padding-right:1rem;padding-bottom:5rem;padding-left:1rem;font-size:clamp(0.875rem, 0.875rem + ((1vw - 0.2rem) * 0.464), 1.13rem);font-style:normal;font-weight:400;line-height:1.4\">\n<div class=\"wp-block-columns is-layout-flex wp-container-core-columns-is-layout-03ad6a19 wp-block-columns-is-layout-flex\" style=\"margin-bottom:0px\">\n<div class=\"wp-block-column is-vertically-aligned-center is-layout-flow wp-block-column-is-layout-flow\" style=\"flex-basis:50%\">\n<figure class=\"wp-block-image alignleft size-full\"><img loading=\"lazy\" decoding=\"async\" width=\"472\" height=\"1024\" src=\"https:\/\/aubert-magnetisme.com\/wp-content\/uploads\/2024\/11\/IMG_20241118_181806.jpg\" alt=\"\" class=\"wp-image-366\" style=\"aspect-ratio:1;object-fit:cover\" srcset=\"https:\/\/aubert-magnetisme.com\/wp-content\/uploads\/2024\/11\/IMG_20241118_181806.jpg 472w, https:\/\/aubert-magnetisme.com\/wp-content\/uploads\/2024\/11\/IMG_20241118_181806-138x300.jpg 138w\" sizes=\"auto, (max-width: 472px) 100vw, 472px\" \/><\/figure>\n<\/div>\n\n\n\n<div class=\"wp-block-column is-vertically-aligned-center has-global-padding is-layout-constrained wp-container-core-column-is-layout-c4a7d96a wp-block-column-is-layout-constrained\" style=\"flex-basis:50%\">\n<h3 class=\"wp-block-heading has-text-align-left has-text-color has-suranna-font-family\" style=\"color:#000000;margin-top:0.5rem;margin-bottom:0rem;font-size:clamp(24.034px, 1.502rem + ((1vw - 3.2px) * 1.814), 40px);font-style:normal;font-weight:500;letter-spacing:0px;line-height:1.3\">Votre magn\u00e9tiseur<\/h3>\n\n\n\n<p class=\"has-text-align-left has-text-color has-pontano-sans-font-family wp-block-paragraph\" style=\"color:#000000;margin-top:20px;margin-bottom:20px;font-size:clamp(14px, 0.875rem + ((1vw - 3.2px) * 0.455), 18px);font-style:normal;font-weight:400;line-height:1.5\"><\/p>\n\n\n\n<p class=\"has-text-align-left has-text-color has-pontano-sans-font-family wp-block-paragraph\" style=\"color:#000000;margin-top:20px;margin-bottom:20px;font-size:clamp(14px, 0.875rem + ((1vw - 3.2px) * 0.455), 18px);font-style:normal;font-weight:400;line-height:1.5\"><\/p>\n\n\n\n<p class=\"has-text-align-left justifier has-text-color has-pontano-sans-font-family wp-block-paragraph\" style=\"color:#000000;margin-top:20px;margin-bottom:20px;font-size:clamp(14px, 0.875rem + ((1vw - 3.2px) * 0.455), 18px);font-style:normal;font-weight:400;line-height:1.5\">Ag\u00e9 de 40 ans et natif de la r\u00e9gion Franche-Comt\u00e9, j\u2019ai ouvert mon cabinet de magn\u00e9tisme \u00e0 Audincourt. Il \u00e9tait important pour moi de m\u2019\u00e9tablir \u00ab aux sources \u00bb afin d\u2019\u00eatre bien dans mon corps et dans mon \u00e2me. Mon chemin de vie m\u2019a amen\u00e9 \u00e0 d\u00e9velopper mes dons m\u00e9diumniques et de magn\u00e9tisme. J\u2019effectue moi-m\u00eame r\u00e9guli\u00e8rement un travail de d\u00e9veloppement personnel qui me permet entre autres de faire \u00e9voluer mon protocole de soins \u00e9nerg\u00e9tiques afin qu\u2019il soit plus efficace.<\/p>\n\n\n\n<div class=\"wp-block-buttons is-horizontal is-content-justification-left is-layout-flex wp-container-core-buttons-is-layout-2c34cf1c wp-block-buttons-is-layout-flex\" style=\"margin-top:0.51rem\">\n<div class=\"wp-block-button has-custom-width wp-block-button__width-50 has-custom-font-size is-style-fill has-pontano-sans-font-family\" style=\"font-size:clamp(0.875rem, 0.875rem + ((1vw - 0.2rem) * 0.245), 1.01rem);font-style:normal;font-weight:600;letter-spacing:1px;line-height:1.5;text-transform:uppercase\"><a class=\"wp-block-button__link has-text-color has-background wp-element-button\" href=\"https:\/\/aubert-magnetisme.com\/index.php\/contact\/\" style=\"border-style:none;border-width:0px;border-radius:0rem;color:#fffffd;background-color:#e27013;padding-top:0.71rem;padding-right:0.31rem;padding-bottom:0.71rem;padding-left:0.31rem\">Contact<\/a><\/div>\n<\/div>\n<\/div>\n<\/div>\n<\/section>\n\n\n\n<div class=\"wp-block-group alignfull has-global-padding is-layout-constrained wp-container-core-group-is-layout-8202059b wp-block-group-is-layout-constrained\" style=\"margin-top:0px;padding-top:6rem;padding-right:1rem;padding-bottom:6rem;padding-left:1rem;font-size:clamp(0.875rem, 0.875rem + ((1vw - 0.2rem) * 0.464), 1.13rem);font-style:normal;font-weight:400;line-height:1.4\">\n<div class=\"wp-block-columns is-layout-flex wp-container-core-columns-is-layout-03ad6a19 wp-block-columns-is-layout-flex\" style=\"margin-bottom:0px\">\n<div class=\"wp-block-column is-vertically-aligned-center has-global-padding is-layout-constrained wp-container-core-column-is-layout-c4a7d96a wp-block-column-is-layout-constrained\" style=\"flex-basis:50%\">\n<h3 class=\"wp-block-heading has-text-align-left has-text-color has-suranna-font-family\" style=\"color:#010101;margin-top:0.5rem;margin-bottom:0rem;font-size:clamp(24.034px, 1.502rem + ((1vw - 3.2px) * 1.814), 40px);font-style:normal;font-weight:500;letter-spacing:0px;line-height:1.3\">Un peu d&rsquo;histoire<\/h3>\n\n\n\n<p class=\"has-text-align-left justifier has-text-color has-pontano-sans-font-family wp-block-paragraph\" style=\"color:#010101;margin-top:20px;margin-bottom:20px;font-size:clamp(14px, 0.875rem + ((1vw - 3.2px) * 0.455), 18px);font-style:normal;font-weight:400;line-height:1.5\">L\u2019acte de poser les mains sur un individu pour soulager son mal a de tout temps \u00e9t\u00e9 le premier r\u00e9flexe de l\u2019homme. Cette pratique qui existe depuis toujours, est pr\u00e9sente dans tous les pays du monde, mais porte des noms diff\u00e9rents. En Occident, on parle ainsi de magn\u00e9tisme, tandis qu\u2019on parle de QI ou Chi en Asie.<\/p>\n\n\n\n<p class=\"justifier wp-block-paragraph\">Ainsi, en Egypte par exemple, le papyrus Ebers dat\u00e9 d\u2019un peu plus de 3500 ans fait r\u00e9f\u00e9rence \u00e0 un mode d\u2019intervention avec les mains par les pr\u00eatres Egyptiens afin de soulager et gu\u00e9rir.<\/p>\n\n\n\n<p class=\"justifier wp-block-paragraph\">La pratique a \u00e9galement \u00e9t\u00e9 utilis\u00e9e par J\u00e9sus et ses disciples au travers de l\u2019imposition des mains pour soigner les malades.<\/p>\n\n\n\n<p class=\"justifier wp-block-paragraph\">Plus r\u00e9cemment, une tradition attribuait un pouvoir de gu\u00e9rison au roi de France par le toucher d\u00e8s leur sacre \u00ab le roi te touche, Dieu te gu\u00e9rit \u00bb.<\/p>\n\n\n\n<p class=\"justifier wp-block-paragraph\">Franz-Anton Mesmer \u00e9mit l\u2019hypoth\u00e8se de l\u2019existence d\u2019un fluide universel circulant autour et \u00e0 l\u2019int\u00e9rieur du corps, reliant ainsi l\u2019homme \u00e0 l\u2019univers. Ainsi la maladie serait due \u00e0 une mauvaise circulation du fluide \u00e0 l\u2019int\u00e9rieur du corps humain.<\/p>\n\n\n\n<p class=\"has-text-align-left justifier has-text-color has-pontano-sans-font-family wp-block-paragraph\" style=\"color:#010101;margin-top:20px;margin-bottom:20px;font-size:clamp(14px, 0.875rem + ((1vw - 3.2px) * 0.455), 18px);font-style:normal;font-weight:400;line-height:1.5\">Hector Durville au 20\u00e8me si\u00e8cle d\u00e9montra l\u2019existence d\u2019une polarit\u00e9 du corps humain telle que l\u2019on peut la trouver dans une pile ou un aimant. Avec ses travaux, le magn\u00e9tisme connut un essor en Europe.<\/p>\n\n\n\n<div class=\"wp-block-buttons is-horizontal is-content-justification-left is-layout-flex wp-container-core-buttons-is-layout-2c34cf1c wp-block-buttons-is-layout-flex\" style=\"margin-top:0.51rem\"><\/div>\n<\/div>\n\n\n\n<div class=\"wp-block-column is-vertically-aligned-center is-layout-flow wp-block-column-is-layout-flow\" style=\"flex-basis:50%\">\n<figure class=\"wp-block-image size-full is-resized has-custom-border is-style-rounded\"><img loading=\"lazy\" decoding=\"async\" width=\"1280\" height=\"1280\" src=\"https:\/\/aubert-magnetisme.com\/wp-content\/uploads\/2024\/10\/pharaon.webp\" alt=\"\" class=\"has-border-color has-tertiary-border-color wp-image-91\" style=\"border-width:1px;object-fit:cover;width:685px;height:auto\" srcset=\"https:\/\/aubert-magnetisme.com\/wp-content\/uploads\/2024\/10\/pharaon.webp 1280w, https:\/\/aubert-magnetisme.com\/wp-content\/uploads\/2024\/10\/pharaon-300x300.webp 300w, https:\/\/aubert-magnetisme.com\/wp-content\/uploads\/2024\/10\/pharaon-1024x1024.webp 1024w, https:\/\/aubert-magnetisme.com\/wp-content\/uploads\/2024\/10\/pharaon-150x150.webp 150w, https:\/\/aubert-magnetisme.com\/wp-content\/uploads\/2024\/10\/pharaon-768x768.webp 768w\" sizes=\"auto, (max-width: 1280px) 100vw, 1280px\" \/><\/figure>\n<\/div>\n<\/div>\n<\/div>\n\n\n\n<section class=\"wp-block-group alignfull is-style-header-fixed has-global-padding is-content-justification-center is-layout-constrained wp-container-core-group-is-layout-27fb3396 wp-block-group-is-layout-constrained\" style=\"margin-top:0px;padding-top:6rem;padding-right:1rem;padding-bottom:5rem;padding-left:1rem;font-size:clamp(0.875rem, 0.875rem + ((1vw - 0.2rem) * 0.464), 1.13rem);font-style:normal;font-weight:400;line-height:1.4\">\n<div class=\"wp-block-columns is-layout-flex wp-container-core-columns-is-layout-03ad6a19 wp-block-columns-is-layout-flex\" style=\"margin-bottom:0px\">\n<div class=\"wp-block-column is-vertically-aligned-center is-layout-flow wp-block-column-is-layout-flow\" style=\"flex-basis:50%\">\n<figure class=\"wp-block-image alignleft size-full is-resized\"><img loading=\"lazy\" decoding=\"async\" width=\"1240\" height=\"1754\" src=\"https:\/\/aubert-magnetisme.com\/wp-content\/uploads\/2024\/11\/Affiche4-Coupee2-1.jpg\" alt=\"\" class=\"wp-image-354\" style=\"aspect-ratio:1;object-fit:cover;width:458px;height:auto\" srcset=\"https:\/\/aubert-magnetisme.com\/wp-content\/uploads\/2024\/11\/Affiche4-Coupee2-1.jpg 1240w, https:\/\/aubert-magnetisme.com\/wp-content\/uploads\/2024\/11\/Affiche4-Coupee2-1-212x300.jpg 212w, https:\/\/aubert-magnetisme.com\/wp-content\/uploads\/2024\/11\/Affiche4-Coupee2-1-724x1024.jpg 724w, https:\/\/aubert-magnetisme.com\/wp-content\/uploads\/2024\/11\/Affiche4-Coupee2-1-768x1086.jpg 768w, https:\/\/aubert-magnetisme.com\/wp-content\/uploads\/2024\/11\/Affiche4-Coupee2-1-1086x1536.jpg 1086w\" sizes=\"auto, (max-width: 1240px) 100vw, 1240px\" \/><\/figure>\n<\/div>\n\n\n\n<div class=\"wp-block-column is-vertically-aligned-center has-global-padding is-layout-constrained wp-container-core-column-is-layout-c4a7d96a wp-block-column-is-layout-constrained\" style=\"flex-basis:50%\">\n<p class=\"wp-block-paragraph\"><\/p>\n\n\n\n<p class=\"wp-block-paragraph\"><\/p>\n\n\n\n<h3 class=\"wp-block-heading has-text-align-left has-text-color has-suranna-font-family\" style=\"color:#000000;margin-top:0.5rem;margin-bottom:0rem;font-size:clamp(24.034px, 1.502rem + ((1vw - 3.2px) * 1.814), 40px);font-style:normal;font-weight:500;letter-spacing:0px;line-height:1.3\">Quand pratiquer le magn\u00e9tisme ?<\/h3>\n\n\n\n<p class=\"has-text-align-left has-text-color has-pontano-sans-font-family wp-block-paragraph\" style=\"color:#000000;margin-top:20px;margin-bottom:20px;font-size:clamp(14px, 0.875rem + ((1vw - 3.2px) * 0.455), 18px);font-style:normal;font-weight:400;line-height:1.5\"><\/p>\n\n\n\n<p class=\"has-text-align-left justifier has-text-color has-pontano-sans-font-family wp-block-paragraph\" style=\"color:#000000;margin-top:20px;margin-bottom:20px;font-size:clamp(14px, 0.875rem + ((1vw - 3.2px) * 0.455), 18px);font-style:normal;font-weight:400;line-height:1.5\">Le magn\u00e9tisme peut \u00eatre utilis\u00e9 en pr\u00e9vention afin de r\u00e9guler correctement l\u2019\u00e9nergie et ainsi favoriser l\u2019\u00e9tat de sant\u00e9. Il peut aussi \u00eatre employ\u00e9 avant et apr\u00e8s une op\u00e9ration, ce qui facilite la r\u00e9cup\u00e9ration.<\/p>\n\n\n\n<p class=\"justifier wp-block-paragraph\">Il est \u00e9galement pratiqu\u00e9 pour revitaliser et soulager des douleurs physiques et psychiques. Ainsi, il est particuli\u00e8rement efficace dans les pathologies de peau, les souffrances psychiques et \u00e9motionnelles, les syndromes inflammatoires et les pathologies li\u00e9es au feu.<\/p>\n\n\n\n<p class=\"justifier wp-block-paragraph\">A ce titre, il est recommand\u00e9 pour diminuer les effets secondaires des chimioth\u00e9rapies et de la radioth\u00e9rapie.<\/p>\n\n\n\n<p class=\"has-text-align-left has-text-color has-pontano-sans-font-family wp-block-paragraph\" style=\"color:#000000;margin-top:20px;margin-bottom:20px;font-size:clamp(14px, 0.875rem + ((1vw - 3.2px) * 0.455), 18px);font-style:normal;font-weight:400;line-height:1.5\"><\/p>\n<\/div>\n<\/div>\n<\/section>\n\n\n\n<section class=\"wp-block-cover alignfull\" style=\"margin-top:0px;padding-top:1.01rem;padding-bottom:1.01rem;min-height:430px;aspect-ratio:unset;\"><span aria-hidden=\"true\" class=\"wp-block-cover__background has-background-dim-0 has-background-dim\" style=\"background-color:#edf1f2\"><\/span><img decoding=\"async\" class=\"wp-block-cover__image-background wp-image-2516\" alt=\"\" src=\"https:\/\/tyler.com\/wp-content\/uploads\/2023\/11\/Surf-About-4th-Cover-Image.jpeg\" style=\"object-position:50% 51%\" data-object-fit=\"cover\" data-object-position=\"50% 51%\"\/><div class=\"wp-block-cover__inner-container has-global-padding is-layout-constrained wp-container-core-cover-is-layout-b1bebcb3 wp-block-cover-is-layout-constrained\">\n<div class=\"wp-block-group has-text-color is-layout-flow wp-block-group-is-layout-flow\" style=\"color:#fffffd;margin-top:0px;padding-top:0rem;padding-right:1rem;padding-bottom:0rem;padding-left:1rem;font-size:clamp(0.875rem, 0.875rem + ((1vw - 0.2rem) * 0.464), 1.13rem);font-style:normal;font-weight:400;line-height:1.4\">\n<div class=\"wp-block-group has-global-padding is-layout-constrained wp-container-core-group-is-layout-bdbfdc43 wp-block-group-is-layout-constrained\">\n<p class=\"has-text-align-center justifier has-text-color wp-block-paragraph\" style=\"color:#fffffd;margin-bottom:0rem;font-size:clamp(1.507rem, 1.507rem + ((1vw - 0.2rem) * 1.824), 2.51rem);font-style:normal;font-weight:400;line-height:1.2\">Toute personne, quelle qu&rsquo;elle soit et o\u00f9 qu&rsquo;elle vive, m\u00e9rite d&rsquo;avoir acc\u00e8s \u00e0 des soins de bien \u00eatre de qualit\u00e9.<\/p>\n<\/div>\n\n\n\n<div class=\"wp-block-group is-vertical is-content-justification-stretch is-layout-flex wp-container-core-group-is-layout-bfdebe91 wp-block-group-is-layout-flex\" style=\"margin-top:1.81rem;padding-right:0px;padding-left:0px\">\n<div class=\"wp-block-group has-global-padding is-content-justification-center is-layout-constrained wp-container-core-group-is-layout-2f0bcb29 wp-block-group-is-layout-constrained\" style=\"margin-top:0px\">\n<div class=\"wp-block-buttons is-horizontal is-content-justification-right is-layout-flex wp-container-core-buttons-is-layout-099266fd wp-block-buttons-is-layout-flex\" style=\"margin-top:0.51rem\"><\/div>\n<\/div>\n<\/div>\n<\/div>\n<\/div><\/section>\n\n\n\n<p class=\"wp-block-paragraph\"><\/p>\n","protected":false},"excerpt":{"rendered":"<p>Votre magn\u00e9tiseur Ag\u00e9 de 40 ans et natif de la r\u00e9gion Franche-Comt\u00e9, j\u2019ai ouvert mon cabinet de magn\u00e9tisme \u00e0 Audincourt. Il \u00e9tait important pour moi de m\u2019\u00e9tablir \u00ab aux sources \u00bb afin d\u2019\u00eatre bien dans mon corps et dans mon \u00e2me. Mon chemin de vie m\u2019a amen\u00e9 \u00e0 d\u00e9velopper mes dons m\u00e9diumniques et de magn\u00e9tisme. [&hellip;]<\/p>\n","protected":false},"author":1,"featured_media":0,"parent":0,"menu_order":0,"comment_status":"closed","ping_status":"closed","template":"","meta":{"_crdt_document":"","footnotes":""},"class_list":["post-64","page","type-page","status-publish","hentry"],"_links":{"self":[{"href":"https:\/\/aubert-magnetisme.com\/index.php\/wp-json\/wp\/v2\/pages\/64","targetHints":{"allow":["GET"]}}],"collection":[{"href":"https:\/\/aubert-magnetisme.com\/index.php\/wp-json\/wp\/v2\/pages"}],"about":[{"href":"https:\/\/aubert-magnetisme.com\/index.php\/wp-json\/wp\/v2\/types\/page"}],"author":[{"embeddable":true,"href":"https:\/\/aubert-magnetisme.com\/index.php\/wp-json\/wp\/v2\/users\/1"}],"replies":[{"embeddable":true,"href":"https:\/\/aubert-magnetisme.com\/index.php\/wp-json\/wp\/v2\/comments?post=64"}],"version-history":[{"count":40,"href":"https:\/\/aubert-magnetisme.com\/index.php\/wp-json\/wp\/v2\/pages\/64\/revisions"}],"predecessor-version":[{"id":388,"href":"https:\/\/aubert-magnetisme.com\/index.php\/wp-json\/wp\/v2\/pages\/64\/revisions\/388"}],"wp:attachment":[{"href":"https:\/\/aubert-magnetisme.com\/index.php\/wp-json\/wp\/v2\/media?parent=64"}],"curies":[{"name":"wp","href":"https:\/\/api.w.org\/{rel}","templated":true}]}}