{"id":61,"date":"2024-10-06T21:39:10","date_gmt":"2024-10-06T19:39:10","guid":{"rendered":"https:\/\/aubert-magnetisme.com\/?page_id=61"},"modified":"2025-11-01T11:43:11","modified_gmt":"2025-11-01T10:43:11","slug":"accueil","status":"publish","type":"page","link":"https:\/\/aubert-magnetisme.com\/","title":{"rendered":"ACCUEIL"},"content":{"rendered":"\n<div class=\"wp-block-cover alignfull is-light\" style=\"padding-top:17%;padding-bottom:3rem\"><span aria-hidden=\"true\" class=\"wp-block-cover__background has-background-dim-0 has-background-dim\" style=\"background-color:#a0908c\"><\/span><img loading=\"lazy\" decoding=\"async\" width=\"986\" height=\"516\" class=\"wp-block-cover__image-background wp-image-182\" alt=\"\" src=\"https:\/\/aubert-magnetisme.com\/wp-content\/uploads\/2024\/10\/462504523_122108421758550278_8451574717127643726_n.jpg\" data-object-fit=\"cover\" srcset=\"https:\/\/aubert-magnetisme.com\/wp-content\/uploads\/2024\/10\/462504523_122108421758550278_8451574717127643726_n.jpg 986w, https:\/\/aubert-magnetisme.com\/wp-content\/uploads\/2024\/10\/462504523_122108421758550278_8451574717127643726_n-300x157.jpg 300w, https:\/\/aubert-magnetisme.com\/wp-content\/uploads\/2024\/10\/462504523_122108421758550278_8451574717127643726_n-768x402.jpg 768w\" sizes=\"auto, (max-width: 986px) 100vw, 986px\" \/><div class=\"wp-block-cover__inner-container has-global-padding is-layout-constrained wp-container-core-cover-is-layout-29287ccd wp-block-cover-is-layout-constrained\">\n<div class=\"wp-block-group alignwide is-vertical is-content-justification-left is-layout-flex wp-container-core-group-is-layout-b21d21b4 wp-block-group-is-layout-flex\" style=\"min-height:520px\">\n<div class=\"wp-block-group has-global-padding is-layout-constrained wp-container-core-group-is-layout-92ef7b19 wp-block-group-is-layout-constrained\">\n<h2 class=\"wp-block-heading has-text-align-left has-text-color\" style=\"color:#fffffd;margin-bottom:1.01rem;font-size:clamp(2.422rem, 2.422rem + ((1vw - 0.2rem) * 3.796), 4.51rem);font-style:normal;font-weight:500;line-height:1.2\">Prendre soin de son esprit, de son corps et de son \u00e2me.<\/h2>\n\n\n\n<p class=\"has-text-align-left has-text-color wp-block-paragraph\" style=\"color:#fffffd;margin-top:0;margin-bottom:0;padding-top:0;padding-right:0;padding-bottom:0;padding-left:0;font-size:clamp(0.935rem, 0.935rem + ((1vw - 0.2rem) * 0.864), 1.41rem);font-style:normal;font-weight:400;line-height:1.3\">Offrez-vous un moment de bien \u00eatre chez votre Praticien en magn\u00e9tisme et \u00e9nerg\u00e9tique<\/p>\n\n\n\n<div class=\"wp-block-group is-vertical is-content-justification-stretch is-layout-flex wp-container-core-group-is-layout-53ad70e0 wp-block-group-is-layout-flex\" style=\"margin-top:1.61rem;padding-right:0px;padding-left:0px\">\n<div class=\"wp-block-group has-global-padding is-content-justification-left is-layout-constrained wp-container-core-group-is-layout-a938e025 wp-block-group-is-layout-constrained\" style=\"margin-top:0px\">\n<div class=\"wp-block-buttons is-horizontal is-content-justification-right is-layout-flex wp-container-core-buttons-is-layout-099266fd wp-block-buttons-is-layout-flex\" style=\"margin-top:0.51rem\">\n<div class=\"wp-block-button has-custom-width wp-block-button__width-100 has-custom-font-size is-style-fill\" style=\"font-size:clamp(0.875rem, 0.875rem + ((1vw - 0.2rem) * 0.245), 1.01rem);font-style:normal;font-weight:600;line-height:1.5;text-transform:capitalize\"><a class=\"wp-block-button__link has-text-color has-background wp-element-button\" href=\"https:\/\/widget.reservatoo.com\/widget\/8821889429f72feec6ec\" style=\"border-style:none;border-width:0px;border-radius:0rem;color:#fffffd;background-color:#e27013;padding-top:0.71rem;padding-right:0.31rem;padding-bottom:0.71rem;padding-left:0.31rem\">Prendre rendez-vous<\/a><\/div>\n<\/div>\n<\/div>\n<\/div>\n<\/div>\n<\/div>\n<\/div><\/div>\n\n\n\n<section class=\"wp-block-cover alignfull is-light\" style=\"margin-top:0px;padding-top:1.01rem;padding-bottom:1.01rem;min-height:430px;aspect-ratio:unset;\"><span aria-hidden=\"true\" class=\"wp-block-cover__background has-background-dim-0 has-background-dim\" style=\"background-color:#edf1f2\"><\/span><img loading=\"lazy\" decoding=\"async\" width=\"500\" height=\"333\" class=\"wp-block-cover__image-background wp-image-89\" alt=\"\" src=\"https:\/\/aubert-magnetisme.com\/wp-content\/uploads\/2024\/10\/photo-1722483173894-74b0de110e54.avif\" data-object-fit=\"cover\"\/><div class=\"wp-block-cover__inner-container has-global-padding is-layout-constrained wp-container-core-cover-is-layout-b1bebcb3 wp-block-cover-is-layout-constrained\">\n<div class=\"wp-block-group has-text-color is-layout-flow wp-block-group-is-layout-flow\" style=\"color:#fffffd;margin-top:0px;padding-top:0rem;padding-right:1rem;padding-bottom:0rem;padding-left:1rem;font-size:clamp(0.875rem, 0.875rem + ((1vw - 0.2rem) * 0.464), 1.13rem);font-style:normal;font-weight:400;line-height:1.4\">\n<div class=\"wp-block-group has-global-padding is-layout-constrained wp-container-core-group-is-layout-bdbfdc43 wp-block-group-is-layout-constrained\">\n<h2 class=\"wp-block-heading has-text-align-center justifier has-text-color\" style=\"color:#fffffd;margin-bottom:0rem;font-size:clamp(1.507rem, 1.507rem + ((1vw - 0.2rem) * 1.824), 2.51rem);font-style:normal;font-weight:400;line-height:1.2\">Toute personne, quelle qu&rsquo;elle soit et o\u00f9 qu&rsquo;elle vive, m\u00e9rite d&rsquo;avoir acc\u00e8s \u00e0 des soins de bien \u00eatre de qualit\u00e9.<\/h2>\n<\/div>\n\n\n\n<div class=\"wp-block-group is-vertical is-content-justification-stretch is-layout-flex wp-container-core-group-is-layout-bfdebe91 wp-block-group-is-layout-flex\" style=\"margin-top:1.81rem;padding-right:0px;padding-left:0px\"><\/div>\n<\/div>\n<\/div><\/section>\n","protected":false},"excerpt":{"rendered":"","protected":false},"author":1,"featured_media":0,"parent":0,"menu_order":0,"comment_status":"closed","ping_status":"closed","template":"","meta":{"_crdt_document":"","footnotes":""},"class_list":["post-61","page","type-page","status-publish","hentry"],"_links":{"self":[{"href":"https:\/\/aubert-magnetisme.com\/index.php\/wp-json\/wp\/v2\/pages\/61","targetHints":{"allow":["GET"]}}],"collection":[{"href":"https:\/\/aubert-magnetisme.com\/index.php\/wp-json\/wp\/v2\/pages"}],"about":[{"href":"https:\/\/aubert-magnetisme.com\/index.php\/wp-json\/wp\/v2\/types\/page"}],"author":[{"embeddable":true,"href":"https:\/\/aubert-magnetisme.com\/index.php\/wp-json\/wp\/v2\/users\/1"}],"replies":[{"embeddable":true,"href":"https:\/\/aubert-magnetisme.com\/index.php\/wp-json\/wp\/v2\/comments?post=61"}],"version-history":[{"count":24,"href":"https:\/\/aubert-magnetisme.com\/index.php\/wp-json\/wp\/v2\/pages\/61\/revisions"}],"predecessor-version":[{"id":383,"href":"https:\/\/aubert-magnetisme.com\/index.php\/wp-json\/wp\/v2\/pages\/61\/revisions\/383"}],"wp:attachment":[{"href":"https:\/\/aubert-magnetisme.com\/index.php\/wp-json\/wp\/v2\/media?parent=61"}],"curies":[{"name":"wp","href":"https:\/\/api.w.org\/{rel}","templated":true}]}}